{"id":381,"date":"2019-02-19T15:57:21","date_gmt":"2019-02-19T15:57:21","guid":{"rendered":"https:\/\/journalismus-und-mehr.com\/2punkt0\/?page_id=381"},"modified":"2019-02-19T16:14:19","modified_gmt":"2019-02-19T16:14:19","slug":"biografie-service","status":"publish","type":"page","link":"https:\/\/journalismus-und-mehr.com\/2punkt0\/?page_id=381","title":{"rendered":"Biografie-Service"},"content":{"rendered":"<div class=\"buchbox\">\n<h1 class=\"link01\">Sie haben viel erlebt \u2013 das ist Ihr Verm\u00e4chtnis.<\/h1>\n<p class=\"link01\">Die Reise ins eigene Leben kann sehr spannend<br \/>\nsein &#8211; vor allem mit der Ma\u00dfgabe, sie in Buchstaben<br \/>\nzu gie\u00dfen, andere teilhaben lassen zu wollen.<\/p>\n<p>&nbsp;<\/p>\n<p class=\"link01\" style=\"padding-left: 30px;\">Im Alltag vergegenw\u00e4rtigen wir uns nicht,<br \/>\ndass unser Leben einzigartig und reichhaltig ist.<br \/>\nDennoch hinterfragen wir es zu Teilen manchmal,<br \/>\nsuchen Erkl\u00e4rungen f\u00fcr Wendepunkte, F\u00fcgungen,<br \/>\nErf\u00fcllungen, offene Kapitel.<\/p>\n<p style=\"padding-left: 30px;\">Teilen Sie mir Ihre Vorstellungen mit.<br \/>\nOb 13 oder 31 Kapitel, ob Brosch\u00fcre,<br \/>\nRingbuch oder Leder-Ausgabe &#8211; wir<br \/>\nberaten Sie gerne und kalkulieren einen<br \/>\nfairen Preis.<br \/>\nAuch zweisprachig &gt;&gt; deutsch\/englisch<\/p>\n<p>&nbsp;<\/p>\n<p><img loading=\"lazy\" decoding=\"async\" class=\"wp-image-342 aligncenter\" src=\"https:\/\/journalismus-und-mehr.com\/2punkt0\/wp-content\/uploads\/schrei01.jpg\" alt=\"\" width=\"290\" height=\"318\" \/><\/p>\n<div align=\"right\"><\/div>\n<p>&nbsp;<\/p>\n<h2 class=\"link01\">Die spannendsten Geschichten schreibt immer noch das Leben selbst!<\/h2>\n<p class=\"link01\">Sie haben Bilder, Situationen, Begebenheiten, Begegnungen, Gedankenblitze im Kopf &#8211; wir finden daf\u00fcr die Formulierungen.<\/p>\n<p class=\"link01\">Unsere Worte k\u00f6nnen Sie nach dem ersten Entwurf gegen eigene austauschen. Manchmal gibt es unverwechselbare Ausdr\u00fccke, die nur Sie wissen k\u00f6nnen. Unsere Arbeit ist gut, wenn sie den Nagel auf den Kopf trifft oder Ihre Intuition entz\u00fcndet, Ihr Erinnerungsverm\u00f6gen neu belebt, Sie zu immer genaueren Vorgaben anspornt.<\/p>\n<h1 class=\"link01\">Wie wollen wir vorgehen?<\/h1>\n<p class=\"link01\">Sie wollen selbst ans Werk gehen und brauchen Unterst\u00fctzung<\/p>\n<div align=\"right\"><a href=\"mailto:memoreporting@aol.com?subject=Anfrage%20Coaching\">&gt; Anfrage Coaching<\/a><\/div>\n<p class=\"link01\">Sie \u00fcbergeben uns Leitfaden und Materialien und wir texten<\/p>\n<div align=\"right\"><a href=\"mailto:memoreporting@aol.com?subject=Anfrage%20Ghostwriting\">&gt; Anfrage Ghostwriting<\/a><\/div>\n<p class=\"link01\">Sie geben uns ein Interview, wonach wir Ihr Buch erstellen<\/p>\n<div align=\"right\"><a href=\"mailto:memoreporting@aol.com?subject=Anfrage%20Interview\">&gt; Anfrage Interview<\/a><\/div>\n<div align=\"right\"><\/div>\n<div style=\"text-align: left; padding-left: 30px;\" align=\"right\"><code><strong>Wissen Sie, wie Ihre Oma und Ihr Opa sich kennen gelernt haben?<\/strong><\/code><br \/>\n<code><strong>Haben Sie der nachfolgenden Generation schon verraten,<\/strong><\/code><br \/>\n<code><strong>wie Sie Ihrem Gl\u00fcck begegneten?<\/strong><\/code><br \/>\n<code><strong>Wenn wir unsere Wurzeln w\u00fcrdigen,<\/strong><\/code><br \/>\n<code><strong>bereichert das unsere Seele und unsere Mitmenschen!<\/strong><\/code><\/div>\n<\/div>\n","protected":false},"excerpt":{"rendered":"<p>Sie haben viel erlebt \u2013 das ist Ihr Verm\u00e4chtnis. Die Reise ins eigene Leben kann sehr spannend sein &#8211; vor allem mit der Ma\u00dfgabe, sie in Buchstaben zu gie\u00dfen, andere teilhaben lassen zu wollen. &nbsp; Im Alltag vergegenw\u00e4rtigen wir uns nicht, dass unser Leben einzigartig und reichhaltig ist. Dennoch hinterfragen wir es zu Teilen manchmal, [&hellip;]<\/p>\n","protected":false},"author":1,"featured_media":0,"parent":0,"menu_order":0,"comment_status":"closed","ping_status":"closed","template":"","meta":{"footnotes":""},"class_list":["post-381","page","type-page","status-publish","czr-hentry"],"_links":{"self":[{"href":"https:\/\/journalismus-und-mehr.com\/2punkt0\/index.php?rest_route=\/wp\/v2\/pages\/381","targetHints":{"allow":["GET"]}}],"collection":[{"href":"https:\/\/journalismus-und-mehr.com\/2punkt0\/index.php?rest_route=\/wp\/v2\/pages"}],"about":[{"href":"https:\/\/journalismus-und-mehr.com\/2punkt0\/index.php?rest_route=\/wp\/v2\/types\/page"}],"author":[{"embeddable":true,"href":"https:\/\/journalismus-und-mehr.com\/2punkt0\/index.php?rest_route=\/wp\/v2\/users\/1"}],"replies":[{"embeddable":true,"href":"https:\/\/journalismus-und-mehr.com\/2punkt0\/index.php?rest_route=%2Fwp%2Fv2%2Fcomments&post=381"}],"version-history":[{"count":6,"href":"https:\/\/journalismus-und-mehr.com\/2punkt0\/index.php?rest_route=\/wp\/v2\/pages\/381\/revisions"}],"predecessor-version":[{"id":410,"href":"https:\/\/journalismus-und-mehr.com\/2punkt0\/index.php?rest_route=\/wp\/v2\/pages\/381\/revisions\/410"}],"wp:attachment":[{"href":"https:\/\/journalismus-und-mehr.com\/2punkt0\/index.php?rest_route=%2Fwp%2Fv2%2Fmedia&parent=381"}],"curies":[{"name":"wp","href":"https:\/\/api.w.org\/{rel}","templated":true}]}}