{"id":380,"date":"2019-02-19T15:57:21","date_gmt":"2019-02-19T15:57:21","guid":{"rendered":"https:\/\/journalismus-und-mehr.com\/2punkt0\/?page_id=380"},"modified":"2019-03-24T18:14:20","modified_gmt":"2019-03-24T18:14:20","slug":"lektorat","status":"publish","type":"page","link":"https:\/\/journalismus-und-mehr.com\/2punkt0\/?page_id=380","title":{"rendered":"Lektorat"},"content":{"rendered":"<div class=\"randbox\"><center><img loading=\"lazy\" decoding=\"async\" class=\"size-full wp-image-397 aligncenter\" src=\"https:\/\/journalismus-und-mehr.com\/2punkt0\/wp-content\/uploads\/schwimm200.jpg\" alt=\"\" width=\"200\" height=\"282\" \/><\/center><\/p>\n<p><img loading=\"lazy\" decoding=\"async\" class=\"wp-image-398 alignleft\" src=\"https:\/\/journalismus-und-mehr.com\/2punkt0\/wp-content\/uploads\/nt-383x600.jpg\" alt=\"\" width=\"182\" height=\"285\" srcset=\"https:\/\/journalismus-und-mehr.com\/2punkt0\/wp-content\/uploads\/nt-383x600.jpg 383w, https:\/\/journalismus-und-mehr.com\/2punkt0\/wp-content\/uploads\/nt-653x1024.jpg 653w, https:\/\/journalismus-und-mehr.com\/2punkt0\/wp-content\/uploads\/nt-570x893.jpg 570w, https:\/\/journalismus-und-mehr.com\/2punkt0\/wp-content\/uploads\/nt.jpg 716w\" sizes=\"auto, (max-width: 182px) 100vw, 182px\" \/><\/p>\n<p class=\"link03\">Es muss nicht immer ein Fachbuch wie &#8222;Gesund durch Schwimmen&#8220; sein &#8211; man hat mir schon allerlei unterschiedliche Manuskripte anvertraut, die hoffentlich (?!) nach meiner Bearbeitung in noch besserem Glanz erstrahlten &#8230;<\/p>\n<p>&nbsp;<\/p>\n<p class=\"link03\">Ich habe mir vorgenommen, eine treibende Kraft in Sachen Sprache zu sein und feile stets an meinen M\u00f6glichkeiten.<\/p>\n<p class=\"link03\">Ihr Text in guten H\u00e4nden &#8211; lassen Sie uns gemeinsam pr\u00fcfen, ob meine H\u00e4nde die richtigen f\u00fcr Ihren Text sind!<br \/>\nSchnellstm\u00f6gliche Transparenz &#8211; auch \u00fcber den Preis!<\/p>\n<p>&nbsp;<\/p>\n<\/div>\n","protected":false},"excerpt":{"rendered":"<p>Es muss nicht immer ein Fachbuch wie &#8222;Gesund durch Schwimmen&#8220; sein &#8211; man hat mir schon allerlei unterschiedliche Manuskripte anvertraut, die hoffentlich (?!) nach meiner Bearbeitung in noch besserem Glanz erstrahlten &#8230; &nbsp; Ich habe mir vorgenommen, eine treibende Kraft in Sachen Sprache zu sein und feile stets an meinen M\u00f6glichkeiten. Ihr Text in guten [&hellip;]<\/p>\n","protected":false},"author":1,"featured_media":0,"parent":0,"menu_order":0,"comment_status":"closed","ping_status":"closed","template":"","meta":{"footnotes":""},"class_list":["post-380","page","type-page","status-publish","czr-hentry"],"_links":{"self":[{"href":"https:\/\/journalismus-und-mehr.com\/2punkt0\/index.php?rest_route=\/wp\/v2\/pages\/380","targetHints":{"allow":["GET"]}}],"collection":[{"href":"https:\/\/journalismus-und-mehr.com\/2punkt0\/index.php?rest_route=\/wp\/v2\/pages"}],"about":[{"href":"https:\/\/journalismus-und-mehr.com\/2punkt0\/index.php?rest_route=\/wp\/v2\/types\/page"}],"author":[{"embeddable":true,"href":"https:\/\/journalismus-und-mehr.com\/2punkt0\/index.php?rest_route=\/wp\/v2\/users\/1"}],"replies":[{"embeddable":true,"href":"https:\/\/journalismus-und-mehr.com\/2punkt0\/index.php?rest_route=%2Fwp%2Fv2%2Fcomments&post=380"}],"version-history":[{"count":12,"href":"https:\/\/journalismus-und-mehr.com\/2punkt0\/index.php?rest_route=\/wp\/v2\/pages\/380\/revisions"}],"predecessor-version":[{"id":721,"href":"https:\/\/journalismus-und-mehr.com\/2punkt0\/index.php?rest_route=\/wp\/v2\/pages\/380\/revisions\/721"}],"wp:attachment":[{"href":"https:\/\/journalismus-und-mehr.com\/2punkt0\/index.php?rest_route=%2Fwp%2Fv2%2Fmedia&parent=380"}],"curies":[{"name":"wp","href":"https:\/\/api.w.org\/{rel}","templated":true}]}}