{"id":378,"date":"2019-02-19T15:57:21","date_gmt":"2019-02-19T15:57:21","guid":{"rendered":"https:\/\/journalismus-und-mehr.com\/2punkt0\/?page_id=378"},"modified":"2019-03-15T11:40:21","modified_gmt":"2019-03-15T11:40:21","slug":"ghostwriting","status":"publish","type":"page","link":"https:\/\/journalismus-und-mehr.com\/2punkt0\/?page_id=378","title":{"rendered":"Ghostwriting"},"content":{"rendered":"<div class=\"buchbox\">\n<h1>Sachbuch, Firmen-Geschichte, Sonstiges<\/h1>\n<p class=\"link03\">a)<br \/>\nSie haben ein spannendes Thema &#8211; zum Beispiel Ihr Leben im R\u00fcckblick &#8211; ,<br \/>\ndas leidenschaftlich oder n\u00fcchtern,<br \/>\nkomprimiert oder detailliert<br \/>\nerz\u00e4hlt, er\u00f6rtert \u2013 kurz: in Worte gefasst werden soll?<\/p>\n<table class=\"gelb\">\n<tbody>\n<tr>\n<td class=\"link03\">Wir bringen das Thema mit all seinen Facetten nach Ihren W\u00fcnschen auf den Punkt und zielgruppenorientiert zur Geltung.<\/td>\n<\/tr>\n<\/tbody>\n<\/table>\n<p class=\"link03\">b)<br \/>\nSie m\u00f6chten die Geschichte Ihrer Firma, Ihres Unternehmens, Ihres Vereins darstellen?<\/p>\n<table class=\"gelb\">\n<tbody>\n<tr>\n<td class=\"link03\">Wir bieten hierzu mehrere Formen der Unterst\u00fctzung, die wir auf Ihre Interessen abstimmen. Wir arbeiten mit Historiker\/innen zusammen, die in einem gew\u00fcnschten Zeithorizont f\u00fcr Sie recherchieren k\u00f6nnen.<\/td>\n<\/tr>\n<\/tbody>\n<\/table>\n<p class=\"link03\">c)<br \/>\nEinmal begann es mit einem &#8222;Offenen Brief&#8220; an eine Beh\u00f6rde, ein anderes Mal sollte an einer Rede gefeilt werden.<br \/>\nDie Anl\u00e4sse sind vielf\u00e4ltig &#8211; wir werden f\u00fcr Sie die richtige L\u00f6sung finden<\/p>\n<table class=\"gelb\">\n<tbody>\n<tr>\n<td class=\"link03\">Wenn jemand als \u201eGeist\u201c f\u00fcr Sie schreiben soll, m\u00fcssen Sie sicher sein, dass er oder sie mit einer guten Auffassungsgabe ans Werk geht und zuverl\u00e4ssig arbeitet. Testen Sie uns!<\/td>\n<\/tr>\n<\/tbody>\n<\/table>\n<p class=\"link03\">Termintreue und Diskretion verstehen sich von selbst.<\/p>\n<p>Bei uns d\u00fcrfen Sie ein ger\u00fcttelt Ma\u00df an Erfahrung voraussetzen.<\/p>\n<\/div>\n","protected":false},"excerpt":{"rendered":"<p>Sachbuch, Firmen-Geschichte, Sonstiges a) Sie haben ein spannendes Thema &#8211; zum Beispiel Ihr Leben im R\u00fcckblick &#8211; , das leidenschaftlich oder n\u00fcchtern, komprimiert oder detailliert erz\u00e4hlt, er\u00f6rtert \u2013 kurz: in Worte gefasst werden soll? Wir bringen das Thema mit all seinen Facetten nach Ihren W\u00fcnschen auf den Punkt und zielgruppenorientiert zur Geltung. b) Sie m\u00f6chten [&hellip;]<\/p>\n","protected":false},"author":1,"featured_media":0,"parent":0,"menu_order":0,"comment_status":"closed","ping_status":"closed","template":"","meta":{"footnotes":""},"class_list":["post-378","page","type-page","status-publish","czr-hentry"],"_links":{"self":[{"href":"https:\/\/journalismus-und-mehr.com\/2punkt0\/index.php?rest_route=\/wp\/v2\/pages\/378","targetHints":{"allow":["GET"]}}],"collection":[{"href":"https:\/\/journalismus-und-mehr.com\/2punkt0\/index.php?rest_route=\/wp\/v2\/pages"}],"about":[{"href":"https:\/\/journalismus-und-mehr.com\/2punkt0\/index.php?rest_route=\/wp\/v2\/types\/page"}],"author":[{"embeddable":true,"href":"https:\/\/journalismus-und-mehr.com\/2punkt0\/index.php?rest_route=\/wp\/v2\/users\/1"}],"replies":[{"embeddable":true,"href":"https:\/\/journalismus-und-mehr.com\/2punkt0\/index.php?rest_route=%2Fwp%2Fv2%2Fcomments&post=378"}],"version-history":[{"count":6,"href":"https:\/\/journalismus-und-mehr.com\/2punkt0\/index.php?rest_route=\/wp\/v2\/pages\/378\/revisions"}],"predecessor-version":[{"id":604,"href":"https:\/\/journalismus-und-mehr.com\/2punkt0\/index.php?rest_route=\/wp\/v2\/pages\/378\/revisions\/604"}],"wp:attachment":[{"href":"https:\/\/journalismus-und-mehr.com\/2punkt0\/index.php?rest_route=%2Fwp%2Fv2%2Fmedia&parent=378"}],"curies":[{"name":"wp","href":"https:\/\/api.w.org\/{rel}","templated":true}]}}