{"id":11,"date":"2018-09-03T19:02:40","date_gmt":"2018-09-03T19:02:40","guid":{"rendered":"https:\/\/journalismus-und-mehr.com\/2punkt0\/?page_id=11"},"modified":"2020-01-22T12:35:59","modified_gmt":"2020-01-22T12:35:59","slug":"vita","status":"publish","type":"page","link":"https:\/\/journalismus-und-mehr.com\/2punkt0\/?page_id=11","title":{"rendered":"Vita"},"content":{"rendered":"<p><!--\n\n\n<div class=\"buchbox\">\n\n --><\/p>\n<h1 class=\"link06\">Renate Schauer<\/h1>\n<h2 class=\"link06\">Lic. rer. publ.<\/h2>\n<p>Mein Stamm wurzelt im Journalismus. Bald wuchsen diverse \u00c4ste in die \u00d6ffentlichkeitsarbeit. Diese verzweigten sich in den Wipfeln zum \u201eGhostwriting\u201c. An den Fr\u00fcchten, die der Baum tr\u00e4gt, lasse ich gerne andere teilhaben. Deshalb bin ich als Schreibcoach unterwegs.<\/p>\n<p>Wohnhaft im Gro\u00dfraum Stuttgart \u2013 mit Beziehungen zu Dresden und St. Petersburg, Florida.<\/p>\n<p>Berufliche Stationen:<br \/>\nZeitungsvolontariat, Btx-Redakteurin, Pressesprecherin, freie Autorin (Zeitschriften, Zeitungen, online, Buchver\u00f6ffentlichungen), \u00d6ffentlichkeitsarbeit (Brandschutz-Branche, Non-Profit-Unternehmen wie DRK, Wei\u00dfer Ring, etc.), Ghostwriting, Dozentin f\u00fcr \u201ekreativ schreiben\u201c<\/p>\n<p>&nbsp;<\/p>\n<p>Pers\u00f6nliche Vorlieben:<br \/>\nLesen, Satire, Theater, kochen &amp; feiern mit Freunden \u2026<\/p>\n<p>&nbsp;<\/p>\n<p>Buchver\u00f6ffentlichungen:<\/p>\n<p>Mobbing \u2013 Kostspielige Kr\u00e4nkungen am Arbeitsplatz.<br \/>\nPraxisReihe Arbeit \u22c5 Gesundheit \u22c5 Umwelt.<\/p>\n<div align=\"right\"><a href=\"https:\/\/journalismus-und-mehr.com\/2punkt0\/mobbing-kostspielige-kraenkungen-am-arbeitsplatz\/\">&gt; Mehr dazu\u00a0<\/a><\/div>\n<p class=\"link06\">Als Ghostwriting-Projekt: Wolfgang Schwab: ARD \u22c5 ZDF und unser Geld.<br \/>\nIn der ersten Reihe sitzen und Loge bezahlen.<\/p>\n<div align=\"right\"><a href=\"https:\/\/journalismus-und-mehr.com\/2punkt0\/ard-%e2%8b%85-zdf-und-unser-geld\/\">&gt; Mehr dazu\u00a0<\/a><\/div>\n<p><!--<\/div>\n\n\n--><\/p>\n","protected":false},"excerpt":{"rendered":"<p>Renate Schauer Lic. rer. publ. Mein Stamm wurzelt im Journalismus. Bald wuchsen diverse \u00c4ste in die \u00d6ffentlichkeitsarbeit. Diese verzweigten sich in den Wipfeln zum \u201eGhostwriting\u201c. An den Fr\u00fcchten, die der Baum tr\u00e4gt, lasse ich gerne andere teilhaben. Deshalb bin ich als Schreibcoach unterwegs. Wohnhaft im Gro\u00dfraum Stuttgart \u2013 mit Beziehungen zu Dresden und St. Petersburg, [&hellip;]<\/p>\n","protected":false},"author":1,"featured_media":0,"parent":0,"menu_order":0,"comment_status":"closed","ping_status":"closed","template":"","meta":{"footnotes":""},"class_list":["post-11","page","type-page","status-publish","czr-hentry"],"_links":{"self":[{"href":"https:\/\/journalismus-und-mehr.com\/2punkt0\/index.php?rest_route=\/wp\/v2\/pages\/11","targetHints":{"allow":["GET"]}}],"collection":[{"href":"https:\/\/journalismus-und-mehr.com\/2punkt0\/index.php?rest_route=\/wp\/v2\/pages"}],"about":[{"href":"https:\/\/journalismus-und-mehr.com\/2punkt0\/index.php?rest_route=\/wp\/v2\/types\/page"}],"author":[{"embeddable":true,"href":"https:\/\/journalismus-und-mehr.com\/2punkt0\/index.php?rest_route=\/wp\/v2\/users\/1"}],"replies":[{"embeddable":true,"href":"https:\/\/journalismus-und-mehr.com\/2punkt0\/index.php?rest_route=%2Fwp%2Fv2%2Fcomments&post=11"}],"version-history":[{"count":11,"href":"https:\/\/journalismus-und-mehr.com\/2punkt0\/index.php?rest_route=\/wp\/v2\/pages\/11\/revisions"}],"predecessor-version":[{"id":781,"href":"https:\/\/journalismus-und-mehr.com\/2punkt0\/index.php?rest_route=\/wp\/v2\/pages\/11\/revisions\/781"}],"wp:attachment":[{"href":"https:\/\/journalismus-und-mehr.com\/2punkt0\/index.php?rest_route=%2Fwp%2Fv2%2Fmedia&parent=11"}],"curies":[{"name":"wp","href":"https:\/\/api.w.org\/{rel}","templated":true}]}}